{"id":2,"date":"2025-12-16T09:30:24","date_gmt":"2025-12-16T08:30:24","guid":{"rendered":"https:\/\/www.reboostyourmind.be\/?page_id=2"},"modified":"2026-01-30T12:12:08","modified_gmt":"2026-01-30T11:12:08","slug":"accueil","status":"publish","type":"page","link":"https:\/\/www.reboostyourmind.be\/nl\/","title":{"rendered":"Huis"},"content":{"rendered":"<p>Dit is een voorbeeldpagina. Deze verschilt van een blogpost omdat hij op \u00e9\u00e9n vaste plek blijft staan \u200b\u200ben (in de meeste thema&#8217;s) in de sitenavigatie verschijnt. De meeste mensen beginnen met een &#8216;Over ons&#8217;-pagina waarop ze zich voorstellen aan bezoekers van de site. Die zou er bijvoorbeeld zo uit kunnen zien: ScalpNL test NL<\/p>","protected":false},"excerpt":{"rendered":"<p>Dit is een voorbeeldpagina. Deze verschilt van een blogpost omdat hij op \u00e9\u00e9n vaste plek blijft staan \u200b\u200ben (in de\u2026<\/p>\n","protected":false},"author":1,"featured_media":0,"parent":0,"menu_order":0,"comment_status":"closed","ping_status":"open","template":"","meta":{"_acf_changed":false,"footnotes":""},"class_list":["post-2","page","type-page","status-publish","hentry"],"acf":[],"yoast_head":"<title>Huis &#8226; Reboost Your Mind<\/title>\n<meta name=\"description\" content=\"Reboost Your Mind est un service sp\u00e9cialis\u00e9 en sant\u00e9 mentale des ind\u00e9pendants. Nous proposons un accompagnement psychologique professionnel, pens\u00e9 pour la r\u00e9alit\u00e9 entrepreneuriale, et renforc\u00e9 par un r\u00e9seau de relais en Wallonie et \u00e0 Bruxelles.\" \/>\n<meta name=\"robots\" content=\"index, follow, max-snippet:-1, max-image-preview:large, max-video-preview:-1\" \/>\n<link rel=\"canonical\" href=\"https:\/\/www.reboostyourmind.be\/\" \/>\n<meta property=\"og:locale\" content=\"nl_NL\" \/>\n<meta property=\"og:type\" content=\"article\" \/>\n<meta property=\"og:title\" content=\"[:fr]Accueil[:nl]Huis[:] &#8226; Reboost Your Mind\" \/>\n<meta property=\"og:description\" content=\"Reboost Your Mind est un service sp\u00e9cialis\u00e9 en sant\u00e9 mentale des ind\u00e9pendants. Nous proposons un accompagnement psychologique professionnel, pens\u00e9 pour la r\u00e9alit\u00e9 entrepreneuriale, et renforc\u00e9 par un r\u00e9seau de relais en Wallonie et \u00e0 Bruxelles.\" \/>\n<meta property=\"og:url\" content=\"https:\/\/www.reboostyourmind.be\/\" \/>\n<meta property=\"og:site_name\" content=\"Reboost Your Mind\" \/>\n<meta property=\"article:modified_time\" content=\"2026-01-30T11:12:08+00:00\" \/>\n<meta property=\"og:image\" content=\"https:\/\/www.reboostyourmind.be\/wp-content\/uploads\/2026\/01\/REBOOST-260129-Partage.png\" \/>\n\t<meta property=\"og:image:width\" content=\"1200\" \/>\n\t<meta property=\"og:image:height\" content=\"630\" \/>\n\t<meta property=\"og:image:type\" content=\"image\/png\" \/>\n<meta name=\"twitter:card\" content=\"summary_large_image\" \/>\n<script type=\"application\/ld+json\" class=\"yoast-schema-graph\">{\"@context\":\"https:\\\/\\\/schema.org\",\"@graph\":[{\"@type\":\"WebPage\",\"@id\":\"https:\\\/\\\/www.reboostyourmind.be\\\/\",\"url\":\"https:\\\/\\\/www.reboostyourmind.be\\\/\",\"name\":\"[:fr]Accueil[:nl]Huis[:] &#8226; Reboost Your Mind\",\"isPartOf\":{\"@id\":\"https:\\\/\\\/www.reboostyourmind.be\\\/#website\"},\"datePublished\":\"2025-12-16T08:30:24+00:00\",\"dateModified\":\"2026-01-30T11:12:08+00:00\",\"description\":\"Reboost Your Mind est un service sp\u00e9cialis\u00e9 en sant\u00e9 mentale des ind\u00e9pendants. Nous proposons un accompagnement psychologique professionnel, pens\u00e9 pour la r\u00e9alit\u00e9 entrepreneuriale, et renforc\u00e9 par un r\u00e9seau de relais en Wallonie et \u00e0 Bruxelles.\",\"breadcrumb\":{\"@id\":\"https:\\\/\\\/www.reboostyourmind.be\\\/#breadcrumb\"},\"inLanguage\":\"nl-NL\",\"potentialAction\":[{\"@type\":\"ReadAction\",\"target\":[\"https:\\\/\\\/www.reboostyourmind.be\\\/\"]}]},{\"@type\":\"BreadcrumbList\",\"@id\":\"https:\\\/\\\/www.reboostyourmind.be\\\/#breadcrumb\",\"itemListElement\":[{\"@type\":\"ListItem\",\"position\":1,\"name\":\"Accueil\",\"item\":\"https:\\\/\\\/www.reboostyourmind.be\\\/\"},{\"@type\":\"ListItem\",\"position\":2,\"name\":\"Accueil\"}]},{\"@type\":\"WebSite\",\"@id\":\"https:\\\/\\\/www.reboostyourmind.be\\\/#website\",\"url\":\"https:\\\/\\\/www.reboostyourmind.be\\\/\",\"name\":\"Reboost Your Mind\",\"description\":\"by Un pass dans l&#039;impasse\",\"publisher\":{\"@id\":\"https:\\\/\\\/www.reboostyourmind.be\\\/#organization\"},\"potentialAction\":[{\"@type\":\"SearchAction\",\"target\":{\"@type\":\"EntryPoint\",\"urlTemplate\":\"https:\\\/\\\/www.reboostyourmind.be\\\/?s={search_term_string}\"},\"query-input\":{\"@type\":\"PropertyValueSpecification\",\"valueRequired\":true,\"valueName\":\"search_term_string\"}}],\"inLanguage\":\"nl-NL\"},{\"@type\":\"Organization\",\"@id\":\"https:\\\/\\\/www.reboostyourmind.be\\\/#organization\",\"name\":\"Reboost Your Mind\",\"url\":\"https:\\\/\\\/www.reboostyourmind.be\\\/\",\"logo\":{\"@type\":\"ImageObject\",\"inLanguage\":\"nl-NL\",\"@id\":\"https:\\\/\\\/www.reboostyourmind.be\\\/#\\\/schema\\\/logo\\\/image\\\/\",\"url\":\"https:\\\/\\\/www.reboostyourmind.be\\\/wp-content\\\/uploads\\\/2025\\\/12\\\/favicon.png\",\"contentUrl\":\"https:\\\/\\\/www.reboostyourmind.be\\\/wp-content\\\/uploads\\\/2025\\\/12\\\/favicon.png\",\"width\":1500,\"height\":1500,\"caption\":\"Reboost Your Mind\"},\"image\":{\"@id\":\"https:\\\/\\\/www.reboostyourmind.be\\\/#\\\/schema\\\/logo\\\/image\\\/\"}}]}<\/script>","yoast_head_json":{"title":"[:fr]Accueil[:nl]Huis[:] &#8226; Reboost Your Mind","description":"Reboost Your Mind est un service sp\u00e9cialis\u00e9 en sant\u00e9 mentale des ind\u00e9pendants. Nous proposons un accompagnement psychologique professionnel, pens\u00e9 pour la r\u00e9alit\u00e9 entrepreneuriale, et renforc\u00e9 par un r\u00e9seau de relais en Wallonie et \u00e0 Bruxelles.","robots":{"index":"index","follow":"follow","max-snippet":"max-snippet:-1","max-image-preview":"max-image-preview:large","max-video-preview":"max-video-preview:-1"},"canonical":"https:\/\/www.reboostyourmind.be\/","og_locale":"nl_NL","og_type":"article","og_title":"[:fr]Accueil[:nl]Huis[:] &#8226; Reboost Your Mind","og_description":"Reboost Your Mind est un service sp\u00e9cialis\u00e9 en sant\u00e9 mentale des ind\u00e9pendants. Nous proposons un accompagnement psychologique professionnel, pens\u00e9 pour la r\u00e9alit\u00e9 entrepreneuriale, et renforc\u00e9 par un r\u00e9seau de relais en Wallonie et \u00e0 Bruxelles.","og_url":"https:\/\/www.reboostyourmind.be\/","og_site_name":"Reboost Your Mind","article_modified_time":"2026-01-30T11:12:08+00:00","og_image":[{"width":1200,"height":630,"url":"https:\/\/www.reboostyourmind.be\/wp-content\/uploads\/2026\/01\/REBOOST-260129-Partage.png","type":"image\/png"}],"twitter_card":"summary_large_image","schema":{"@context":"https:\/\/schema.org","@graph":[{"@type":"WebPage","@id":"https:\/\/www.reboostyourmind.be\/","url":"https:\/\/www.reboostyourmind.be\/","name":"[:fr]Accueil[:nl]Huis[:] &#8226; Reboost Your Mind","isPartOf":{"@id":"https:\/\/www.reboostyourmind.be\/#website"},"datePublished":"2025-12-16T08:30:24+00:00","dateModified":"2026-01-30T11:12:08+00:00","description":"Reboost Your Mind est un service sp\u00e9cialis\u00e9 en sant\u00e9 mentale des ind\u00e9pendants. Nous proposons un accompagnement psychologique professionnel, pens\u00e9 pour la r\u00e9alit\u00e9 entrepreneuriale, et renforc\u00e9 par un r\u00e9seau de relais en Wallonie et \u00e0 Bruxelles.","breadcrumb":{"@id":"https:\/\/www.reboostyourmind.be\/#breadcrumb"},"inLanguage":"nl-NL","potentialAction":[{"@type":"ReadAction","target":["https:\/\/www.reboostyourmind.be\/"]}]},{"@type":"BreadcrumbList","@id":"https:\/\/www.reboostyourmind.be\/#breadcrumb","itemListElement":[{"@type":"ListItem","position":1,"name":"Accueil","item":"https:\/\/www.reboostyourmind.be\/"},{"@type":"ListItem","position":2,"name":"Accueil"}]},{"@type":"WebSite","@id":"https:\/\/www.reboostyourmind.be\/#website","url":"https:\/\/www.reboostyourmind.be\/","name":"Reboost Your Mind","description":"by Un pass dans l&#039;impasse","publisher":{"@id":"https:\/\/www.reboostyourmind.be\/#organization"},"potentialAction":[{"@type":"SearchAction","target":{"@type":"EntryPoint","urlTemplate":"https:\/\/www.reboostyourmind.be\/?s={search_term_string}"},"query-input":{"@type":"PropertyValueSpecification","valueRequired":true,"valueName":"search_term_string"}}],"inLanguage":"nl-NL"},{"@type":"Organization","@id":"https:\/\/www.reboostyourmind.be\/#organization","name":"Reboost Your Mind","url":"https:\/\/www.reboostyourmind.be\/","logo":{"@type":"ImageObject","inLanguage":"nl-NL","@id":"https:\/\/www.reboostyourmind.be\/#\/schema\/logo\/image\/","url":"https:\/\/www.reboostyourmind.be\/wp-content\/uploads\/2025\/12\/favicon.png","contentUrl":"https:\/\/www.reboostyourmind.be\/wp-content\/uploads\/2025\/12\/favicon.png","width":1500,"height":1500,"caption":"Reboost Your Mind"},"image":{"@id":"https:\/\/www.reboostyourmind.be\/#\/schema\/logo\/image\/"}}]}},"_links":{"self":[{"href":"https:\/\/www.reboostyourmind.be\/nl\/wp-json\/wp\/v2\/pages\/2","targetHints":{"allow":["GET"]}}],"collection":[{"href":"https:\/\/www.reboostyourmind.be\/nl\/wp-json\/wp\/v2\/pages"}],"about":[{"href":"https:\/\/www.reboostyourmind.be\/nl\/wp-json\/wp\/v2\/types\/page"}],"author":[{"embeddable":true,"href":"https:\/\/www.reboostyourmind.be\/nl\/wp-json\/wp\/v2\/users\/1"}],"replies":[{"embeddable":true,"href":"https:\/\/www.reboostyourmind.be\/nl\/wp-json\/wp\/v2\/comments?post=2"}],"version-history":[{"count":18,"href":"https:\/\/www.reboostyourmind.be\/nl\/wp-json\/wp\/v2\/pages\/2\/revisions"}],"predecessor-version":[{"id":439,"href":"https:\/\/www.reboostyourmind.be\/nl\/wp-json\/wp\/v2\/pages\/2\/revisions\/439"}],"wp:attachment":[{"href":"https:\/\/www.reboostyourmind.be\/nl\/wp-json\/wp\/v2\/media?parent=2"}],"curies":[{"name":"wp","href":"https:\/\/api.w.org\/{rel}","templated":true}]}}